{"id":3,"date":"2023-01-25T12:32:10","date_gmt":"2023-01-25T12:32:10","guid":{"rendered":"https:\/\/micoachingonline.com\/?page_id=3"},"modified":"2026-02-02T15:30:45","modified_gmt":"2026-02-02T15:30:45","slug":"politica-de-privacidad","status":"publish","type":"page","link":"https:\/\/micoachingonline.com\/index.php\/politica-de-privacidad\/","title":{"rendered":"Pol\u00edtica de privacidad"},"content":{"rendered":"\t\t<div data-elementor-type=\"wp-page\" data-elementor-id=\"3\" class=\"elementor elementor-3\" data-elementor-post-type=\"page\">\n\t\t\t\t<div class=\"elementor-element elementor-element-575e4725 e-flex e-con-boxed e-con e-parent\" data-id=\"575e4725\" data-element_type=\"container\" data-e-type=\"container\">\n\t\t\t\t\t<div class=\"e-con-inner\">\n\t\t\t\t<div class=\"elementor-element elementor-element-7d4d5e61 elementor-widget elementor-widget-text-editor\" data-id=\"7d4d5e61\" data-element_type=\"widget\" data-e-type=\"widget\" data-widget_type=\"text-editor.default\">\n\t\t\t\t\t\t\t\t\t\n<h1 class=\"wp-block-heading\">Pol\u00edtica de Privacidad<\/h1>\n<p><strong>1. Responsable del Tratamiento<\/strong><br \/>El responsable del tratamiento es:<br \/>Cecilia Goldfaber Coach &amp; Counseling<br \/>Gr\u00fcner Weg 20, 50825 Colonia, Alemania<br \/>Correo electr\u00f3nico: coach@ceciliagoldfaber.com<\/p>\n<p><strong>2. Recopilaci\u00f3n y Uso de Datos Personales<\/strong><br \/>Al utilizar nuestro sitio web, recopilamos datos personales como su nombre, direcci\u00f3n de correo electr\u00f3nico y el contenido de los mensajes enviados a trav\u00e9s de los formularios de contacto o registro. Procesamos estos datos exclusivamente para la comunicaci\u00f3n con el cliente y para proporcionar nuestra oferta de coaching y cursos (por ejemplo, a trav\u00e9s de Mentortools).<\/p>\n<p>El tratamiento se basa en su consentimiento (art. 6, p\u00e1rr. 1, letra a del RGPD) o para la ejecuci\u00f3n de un contrato (art. 6, p\u00e1rr. 1, letra b del RGPD).<\/p>\n<p><strong>3. Uso de Mentortools<\/strong><br \/>Para nuestros cursos, utilizamos la plataforma Mentortools, proporcionada por Alpha Digital Marketing LLC (Emiratos \u00c1rabes Unidos).<\/p>\n<p>Los datos (p. ej., nombre, correo electr\u00f3nico, progreso del curso) se almacenan cifrados en los servidores alemanes de Hetzner Online GmbH. Hetzner no tiene acceso a este contenido. Esto garantiza un alto nivel de protecci\u00f3n de datos.<\/p>\n<p>El procesamiento de datos se realiza para la ejecuci\u00f3n y administraci\u00f3n de sus cursos, de acuerdo con nuestros acuerdos contractuales con usted.<\/p>\n<p>Mentortools tambi\u00e9n utiliza un banner de cookies para el seguimiento conforme al RGPD.<\/p>\n<p><strong>4. Cookies y tecnolog\u00edas de seguimiento<\/strong><br \/>Nuestro sitio web utiliza cookies para habilitar funciones t\u00e9cnicas y mejorar su experiencia de usuario. Puede configurar o rechazar las cookies a trav\u00e9s de la configuraci\u00f3n de su navegador.<\/p>\n<p>Google reCAPTCHA se utiliza para proteger contra el spam: su direcci\u00f3n IP y otros datos t\u00e9cnicos se transmiten a Google de forma an\u00f3nima.<\/p>\n<p><strong>5. Divulgaci\u00f3n a terceros<\/strong><br \/>Los datos personales solo se divulgan si es necesario para la ejecuci\u00f3n del contrato o si existen requisitos legales. Este puede ser el caso, por ejemplo, al utilizar proveedores de servicios externos para la gesti\u00f3n de cursos o el env\u00edo de boletines informativos. Dichos proveedores de servicios est\u00e1n obligados contractualmente a cumplir con el RGPD.<\/p>\n<p><strong>6. Periodos de conservaci\u00f3n de datos<\/strong><br \/>Sus datos se almacenan \u00fanicamente durante el tiempo necesario para el desempe\u00f1o de nuestras funciones o seg\u00fan lo exija la ley.<\/p>\n<p><strong>7. Derechos del titular de los datos<\/strong><br \/>Tiene derecho a:<br \/>Acceder a sus datos almacenados<br \/>Solicitar su correcci\u00f3n o eliminaci\u00f3n<br \/>Restringir el tratamiento<br \/>Solicitar la portabilidad de sus datos<br \/>Retirar su consentimiento<br \/>Presentar una reclamaci\u00f3n ante una autoridad de control<br \/><strong>8. Cambios en la Pol\u00edtica de Privacidad<\/strong><br \/>Esta pol\u00edtica puede modificarse en caso de cambios legales o modificaciones de nuestros servicios. Puede consultar la versi\u00f3n actual en nuestro sitio web.<\/p>\n\t\t\t\t\t\t\t\t<\/div>\n\t\t\t\t\t<\/div>\n\t\t\t\t<\/div>\n\t\t\t\t<\/div>\n\t\t","protected":false},"excerpt":{"rendered":"<p>Pol\u00edtica de Privacidad 1. Responsable del TratamientoEl responsable del tratamiento es:Cecilia Goldfaber Coach &amp; CounselingGr\u00fcner Weg 20, 50825 Colonia, AlemaniaCorreo electr\u00f3nico: coach@ceciliagoldfaber.com 2. Recopilaci\u00f3n y Uso de Datos PersonalesAl utilizar nuestro sitio web, recopilamos datos personales como su nombre, direcci\u00f3n de correo electr\u00f3nico y el contenido de los mensajes enviados a trav\u00e9s de los formularios [&hellip;]<\/p>\n","protected":false},"author":1,"featured_media":0,"parent":0,"menu_order":0,"comment_status":"closed","ping_status":"closed","template":"","meta":{"two_page_speed":[],"footnotes":""},"class_list":["post-3","page","type-page","status-publish","hentry"],"_links":{"self":[{"href":"https:\/\/micoachingonline.com\/index.php\/wp-json\/wp\/v2\/pages\/3","targetHints":{"allow":["GET"]}}],"collection":[{"href":"https:\/\/micoachingonline.com\/index.php\/wp-json\/wp\/v2\/pages"}],"about":[{"href":"https:\/\/micoachingonline.com\/index.php\/wp-json\/wp\/v2\/types\/page"}],"author":[{"embeddable":true,"href":"https:\/\/micoachingonline.com\/index.php\/wp-json\/wp\/v2\/users\/1"}],"replies":[{"embeddable":true,"href":"https:\/\/micoachingonline.com\/index.php\/wp-json\/wp\/v2\/comments?post=3"}],"version-history":[{"count":4,"href":"https:\/\/micoachingonline.com\/index.php\/wp-json\/wp\/v2\/pages\/3\/revisions"}],"predecessor-version":[{"id":1152,"href":"https:\/\/micoachingonline.com\/index.php\/wp-json\/wp\/v2\/pages\/3\/revisions\/1152"}],"wp:attachment":[{"href":"https:\/\/micoachingonline.com\/index.php\/wp-json\/wp\/v2\/media?parent=3"}],"curies":[{"name":"wp","href":"https:\/\/api.w.org\/{rel}","templated":true}]}}